{"id":50,"date":"2023-07-17T10:47:36","date_gmt":"2023-07-17T10:47:36","guid":{"rendered":"https:\/\/www.ileorixa.com.br\/fluxo\/clients\/"},"modified":"2025-06-23T17:18:12","modified_gmt":"2025-06-23T17:18:12","slug":"clients","status":"publish","type":"page","link":"https:\/\/www.ileorixa.com.br\/fluxo\/","title":{"rendered":"Portal de Atendimento"},"content":{"rendered":"<p><span style=\"vertical-align: inherit;\"><span style=\"vertical-align: inherit;\"><div id=\"zbs-main\" class=\"alignwide zbs-site-main\">\n\t<div class=\"zbs-client-portal-wrap main site-main zbs-post zbs-hentry\">\n\n\t\t\t\t<div class=\"container zbs-portal-login\" style=\"margin-top:20px;text-align:center;\">\n\t\t\t<h2>Welcome to your Client Portal<\/h2> \n\t\t\t<p>Please login to your Client Portal to be able to view your documents<\/p>\n\t\t\t<div class=\"login-form\">\n\t\t\t\t<form name=\"loginform\" id=\"loginform\" action=\"https:\/\/www.ileorixa.com.br\/fluxo\/wp-login.php\" method=\"post\"><p class=\"login-username\">\n\t\t\t\t<label for=\"user_login\">Email Address<\/label>\n\t\t\t\t<input type=\"text\" name=\"log\" id=\"user_login\" autocomplete=\"username\" class=\"input\" value=\"\" size=\"20\" \/>\n\t\t\t<\/p><p class=\"login-password\">\n\t\t\t\t<label for=\"user_pass\">Password<\/label>\n\t\t\t\t<input type=\"password\" name=\"pwd\" id=\"user_pass\" autocomplete=\"current-password\" spellcheck=\"false\" class=\"input\" value=\"\" size=\"20\" \/>\n\t\t\t<\/p><p class=\"login-remember\"><label><input name=\"rememberme\" type=\"checkbox\" id=\"rememberme\" value=\"forever\" \/> Remember Me<\/label><\/p><p class=\"login-submit\">\n\t\t\t\t<input type=\"submit\" name=\"wp-submit\" id=\"wp-submit\" class=\"button button-primary\" value=\"Log In\" \/>\n\t\t\t\t<input type=\"hidden\" name=\"redirect_to\" value=\"https:\/\/www.ileorixa.com.br\/fluxo\/\" \/>\n\t\t\t<\/p><input type=\"hidden\" name=\"fromzbslogin\" value=\"1\" \/><\/form>\t\t\t\t<a href=\"https:\/\/www.ileorixa.com.br\/fluxo\/wp-login.php?action=lostpassword&#038;redirect_to=https%3A%2F%2Fwww.ileorixa.com.br%2Ffluxo%2F\" alt=\"Lost Password\">Lost Password<\/a>\n\t\t\t<\/div>\n\t\t<\/div>\n\t\t\t<\/div>\n<\/div>\n<\/span><\/span><\/p>\n\n\n<div class=\"wp-block-jetpack-send-a-message\">\n<div class=\"wp-block-jetpack-whatsapp-button is-color-dark\"><a class=\"whatsapp-block__button\" href=\"https:\/\/api.whatsapp.com\/send?phone=5551981378321&amp;text=Hi%2C%20I%20got%20your%20WhatsApp%20information%20from%20your%20website.\" style=\"background-color:#25D366;color:#fff\" target=\"_self\" rel=\"noopener noreferrer\">Falar Financeiro<\/a><\/div>\n<\/div>\n\n\n\n<p><\/p>\n","protected":false},"excerpt":{"rendered":"","protected":false},"author":1,"featured_media":0,"parent":0,"menu_order":0,"comment_status":"closed","ping_status":"closed","template":"","meta":{"give_campaign_id":0,"footnotes":""},"class_list":["post-50","page","type-page","status-publish","hentry"],"yoast_head":"<!-- This site is optimized with the Yoast SEO plugin v27.4 - https:\/\/yoast.com\/product\/yoast-seo-wordpress\/ -->\n<title>Portal de Atendimento - Fortaleza Il\u00ea Orix\u00e1 - Produtos e servi\u00e7os do ax\u00e9<\/title>\n<meta name=\"robots\" content=\"index, follow, max-snippet:-1, max-image-preview:large, max-video-preview:-1\" \/>\n<link rel=\"canonical\" href=\"https:\/\/www.ileorixa.com.br\/fluxo\/\" \/>\n<meta property=\"og:locale\" content=\"pt_PT\" \/>\n<meta property=\"og:type\" content=\"article\" \/>\n<meta property=\"og:title\" content=\"Portal de Atendimento - Fortaleza Il\u00ea Orix\u00e1 - Produtos e servi\u00e7os do ax\u00e9\" \/>\n<meta property=\"og:url\" content=\"https:\/\/www.ileorixa.com.br\/fluxo\/\" \/>\n<meta property=\"og:site_name\" content=\"Fortaleza Il\u00ea Orix\u00e1 - Produtos e servi\u00e7os do ax\u00e9\" \/>\n<meta property=\"article:publisher\" content=\"https:\/\/www.facebook.com\/ileorixa\" \/>\n<meta property=\"article:modified_time\" content=\"2025-06-23T17:18:12+00:00\" \/>\n<meta name=\"twitter:card\" content=\"summary_large_image\" \/>\n<meta name=\"twitter:label1\" content=\"Tempo estimado de leitura\" \/>\n\t<meta name=\"twitter:data1\" content=\"1 minuto\" \/>\n<script type=\"application\/ld+json\" class=\"yoast-schema-graph\">{\"@context\":\"https:\\\/\\\/schema.org\",\"@graph\":[{\"@type\":\"WebPage\",\"@id\":\"https:\\\/\\\/www.ileorixa.com.br\\\/fluxo\\\/\",\"url\":\"https:\\\/\\\/www.ileorixa.com.br\\\/fluxo\\\/\",\"name\":\"Portal de Atendimento - Fortaleza Il\u00ea Orix\u00e1 - Produtos e servi\u00e7os do ax\u00e9\",\"isPartOf\":{\"@id\":\"https:\\\/\\\/www.ileorixa.com.br\\\/fluxo\\\/#website\"},\"datePublished\":\"2023-07-17T10:47:36+00:00\",\"dateModified\":\"2025-06-23T17:18:12+00:00\",\"breadcrumb\":{\"@id\":\"https:\\\/\\\/www.ileorixa.com.br\\\/fluxo\\\/#breadcrumb\"},\"inLanguage\":\"pt-PT\",\"potentialAction\":[{\"@type\":\"ReadAction\",\"target\":[\"https:\\\/\\\/www.ileorixa.com.br\\\/fluxo\\\/\"]}]},{\"@type\":\"BreadcrumbList\",\"@id\":\"https:\\\/\\\/www.ileorixa.com.br\\\/fluxo\\\/#breadcrumb\",\"itemListElement\":[{\"@type\":\"ListItem\",\"position\":1,\"name\":\"In\u00edcio\",\"item\":\"https:\\\/\\\/www.ileorixa.com.br\\\/fluxo\\\/\"},{\"@type\":\"ListItem\",\"position\":2,\"name\":\"Portal de Atendimento\"}]},{\"@type\":\"WebSite\",\"@id\":\"https:\\\/\\\/www.ileorixa.com.br\\\/fluxo\\\/#website\",\"url\":\"https:\\\/\\\/www.ileorixa.com.br\\\/fluxo\\\/\",\"name\":\"Fluxo de Atendimento\",\"description\":\"Controle de clientes e filhos do ax\u00e9\",\"potentialAction\":[{\"@type\":\"SearchAction\",\"target\":{\"@type\":\"EntryPoint\",\"urlTemplate\":\"https:\\\/\\\/www.ileorixa.com.br\\\/fluxo\\\/?s={search_term_string}\"},\"query-input\":{\"@type\":\"PropertyValueSpecification\",\"valueRequired\":true,\"valueName\":\"search_term_string\"}}],\"inLanguage\":\"pt-PT\"}]}<\/script>\n<!-- \/ Yoast SEO plugin. -->","yoast_head_json":{"title":"Portal de Atendimento - Fortaleza Il\u00ea Orix\u00e1 - Produtos e servi\u00e7os do ax\u00e9","robots":{"index":"index","follow":"follow","max-snippet":"max-snippet:-1","max-image-preview":"max-image-preview:large","max-video-preview":"max-video-preview:-1"},"canonical":"https:\/\/www.ileorixa.com.br\/fluxo\/","og_locale":"pt_PT","og_type":"article","og_title":"Portal de Atendimento - Fortaleza Il\u00ea Orix\u00e1 - Produtos e servi\u00e7os do ax\u00e9","og_url":"https:\/\/www.ileorixa.com.br\/fluxo\/","og_site_name":"Fortaleza Il\u00ea Orix\u00e1 - Produtos e servi\u00e7os do ax\u00e9","article_publisher":"https:\/\/www.facebook.com\/ileorixa","article_modified_time":"2025-06-23T17:18:12+00:00","twitter_card":"summary_large_image","twitter_misc":{"Tempo estimado de leitura":"1 minuto"},"schema":{"@context":"https:\/\/schema.org","@graph":[{"@type":"WebPage","@id":"https:\/\/www.ileorixa.com.br\/fluxo\/","url":"https:\/\/www.ileorixa.com.br\/fluxo\/","name":"Portal de Atendimento - Fortaleza Il\u00ea Orix\u00e1 - Produtos e servi\u00e7os do ax\u00e9","isPartOf":{"@id":"https:\/\/www.ileorixa.com.br\/fluxo\/#website"},"datePublished":"2023-07-17T10:47:36+00:00","dateModified":"2025-06-23T17:18:12+00:00","breadcrumb":{"@id":"https:\/\/www.ileorixa.com.br\/fluxo\/#breadcrumb"},"inLanguage":"pt-PT","potentialAction":[{"@type":"ReadAction","target":["https:\/\/www.ileorixa.com.br\/fluxo\/"]}]},{"@type":"BreadcrumbList","@id":"https:\/\/www.ileorixa.com.br\/fluxo\/#breadcrumb","itemListElement":[{"@type":"ListItem","position":1,"name":"In\u00edcio","item":"https:\/\/www.ileorixa.com.br\/fluxo\/"},{"@type":"ListItem","position":2,"name":"Portal de Atendimento"}]},{"@type":"WebSite","@id":"https:\/\/www.ileorixa.com.br\/fluxo\/#website","url":"https:\/\/www.ileorixa.com.br\/fluxo\/","name":"Fluxo de Atendimento","description":"Controle de clientes e filhos do ax\u00e9","potentialAction":[{"@type":"SearchAction","target":{"@type":"EntryPoint","urlTemplate":"https:\/\/www.ileorixa.com.br\/fluxo\/?s={search_term_string}"},"query-input":{"@type":"PropertyValueSpecification","valueRequired":true,"valueName":"search_term_string"}}],"inLanguage":"pt-PT"}]}},"campaignId":"","jetpack_sharing_enabled":true,"_links":{"self":[{"href":"https:\/\/www.ileorixa.com.br\/fluxo\/wp-json\/wp\/v2\/pages\/50","targetHints":{"allow":["GET"]}}],"collection":[{"href":"https:\/\/www.ileorixa.com.br\/fluxo\/wp-json\/wp\/v2\/pages"}],"about":[{"href":"https:\/\/www.ileorixa.com.br\/fluxo\/wp-json\/wp\/v2\/types\/page"}],"author":[{"embeddable":true,"href":"https:\/\/www.ileorixa.com.br\/fluxo\/wp-json\/wp\/v2\/users\/1"}],"replies":[{"embeddable":true,"href":"https:\/\/www.ileorixa.com.br\/fluxo\/wp-json\/wp\/v2\/comments?post=50"}],"version-history":[{"count":11,"href":"https:\/\/www.ileorixa.com.br\/fluxo\/wp-json\/wp\/v2\/pages\/50\/revisions"}],"predecessor-version":[{"id":373,"href":"https:\/\/www.ileorixa.com.br\/fluxo\/wp-json\/wp\/v2\/pages\/50\/revisions\/373"}],"wp:attachment":[{"href":"https:\/\/www.ileorixa.com.br\/fluxo\/wp-json\/wp\/v2\/media?parent=50"}],"curies":[{"name":"wp","href":"https:\/\/api.w.org\/{rel}","templated":true}]}}